{"id":24,"date":"2020-03-04T11:56:39","date_gmt":"2020-03-04T03:56:39","guid":{"rendered":"http:\/\/www.ybaohanon.com\/?page_id=24"},"modified":"2025-04-22T12:36:08","modified_gmt":"2025-04-22T04:36:08","slug":"privacy-policy","status":"publish","type":"page","link":"https:\/\/www.ybaohanon.com\/es\/privacy-policy\/","title":{"rendered":"Pol\u00edtica de privacidad"},"content":{"rendered":"<h2>\u00a0<\/h2>\n<h2><strong><b>Pol\u00edtica de privacidad<\/b><\/strong><\/h2>\n<p>En <a href=\"https:\/\/www.ybaohanon.com\/es\/\">https:\/\/ybaohanon.com\/<\/a> (a partir de ahora, se denominar\u00e1 <a href=\"https:\/\/www.ybaohanon.com\/es\/\">https:\/\/ybaohanon.com\/<\/a> ), ya que la privacidad del visitante es de nuestra seria preocupaci\u00f3n. Esta p\u00e1gina de pol\u00edtica de privacidad describe qu\u00e9 tipo de informaci\u00f3n personal puede ser recibida y recogida por <a href=\"https:\/\/www.ybaohanon.com\/es\/\">https:\/\/ybaohanon.com\/<\/a> y c\u00f3mo se utilizar\u00e1 la informaci\u00f3n.<\/p>\n<p>Anuncios sociales y de motores de b\u00fasqueda<\/p>\n<p>Como muchos otros sitios profesionales, <a href=\"https:\/\/www.ybaohanon.com\/es\/\">https:\/\/ybaohanon.com\/<\/a> Invertir en publicidad en Internet. Nuestros socios de publicidad incluyen Facebook Ads y Google ds. Para maximizar el ROI de la publicidad en l\u00ednea y encontrar clientes objetivo, <a href=\"https:\/\/www.ybaohanon.com\/es\/\">https:\/\/ybaohanon.com\/<\/a> aplicaron algunos c\u00f3digos de seguimiento generados por esos motores de b\u00fasqueda para registrar las direcciones IP de los usuarios y los flujos de visualizaci\u00f3n de p\u00e1ginas.<\/p>\n<p>Datos de contacto empresarial<\/p>\n<p>Recopilamos todos los datos de contacto empresarial enviados a trav\u00e9s de correos electr\u00f3nicos o formularios de contenido en <a href=\"https:\/\/www.ybaohanon.com\/es\/\">https:\/\/ybaohanon.com\/<\/a> de los visitantes. Los datos relacionados con la identificaci\u00f3n del visitante y el contacto introducidos se conservar\u00e1n estrictamente para <a href=\"https:\/\/www.ybaohanon.com\/es\/\">https:\/\/ybaohanon.com\/<\/a> uso interno. <a href=\"https:\/\/www.ybaohanon.com\/es\/\">https:\/\/ybaohanon.com\/<\/a> garantizar\u00e1 la seguridad y el uso adecuado de esos datos.<\/p>\n<p>Uso de la informaci\u00f3n<\/p>\n<p>Solo usaremos su informaci\u00f3n de identificaci\u00f3n personal como se describe a continuaci\u00f3n, a menos que usted haya consentido espec\u00edficamente a otro tipo de uso, ya sea en el momento en que la informaci\u00f3n de identificaci\u00f3n personal se recopila de usted o a trav\u00e9s de alguna otra forma de consentimiento de usted: Utilizaremos informaci\u00f3n de identificaci\u00f3n personal para completar cualquier orden que haya realizado Utilizaremos informaci\u00f3n de identificaci\u00f3n personal para proporcionarle los servicios espec\u00edficos que haya solicitado, como llegar a un minorista. Utilizaremos su informaci\u00f3n de identificaci\u00f3n personal para responder a las preguntas que nos env\u00ede. Utilizaremos su informaci\u00f3n de identificaci\u00f3n personal para enviarle correos electr\u00f3nicos de vez en cuando, como boletines informativos y avisos sobre nuestras promociones. Podemos divulgar informaci\u00f3n de identificaci\u00f3n personal seg\u00fan lo requiera la ley o el proceso legal. Podemos divulgar informaci\u00f3n de identificaci\u00f3n personal para investigar sospechas de fraude, acoso u otras violaciones de cualquier ley, regla o reglamento, o los t\u00e9rminos o pol\u00edticas del sitio de contenido.<\/p>\n<p>OPT OUT\/CORRECCIONES<\/p>\n<p>A petici\u00f3n de usted, corregiremos o actualizaremos su informaci\u00f3n personal;  (b) dejar de enviar correos electr\u00f3nicos a su direcci\u00f3n de correo electr\u00f3nico; y\/o (c) desactivar su cuenta para evitar cualquier compra futura a trav\u00e9s de esa cuenta. Puede hacer estas solicitudes en la secci\u00f3n de informaci\u00f3n del cliente, o por tel\u00e9fono, o por correo electr\u00f3nico su solicitud http:\/\/xhlcustomer.com\/ Departamento de Soporte al Cliente en sale01@sale01.com. Por favor, no env\u00ede por correo electr\u00f3nico su n\u00famero de tarjeta de cr\u00e9dito ni otra informaci\u00f3n confidencial.<\/p>\n<p>T\u00e9rminos y condiciones<\/p>\n<p>1. Aplicaci\u00f3n y aceptaci\u00f3n de los T\u00e9rminos<br \/>\n\u00a1Bienvenido a nuestro sitio! Este documento es un acuerdo legalmente vinculante entre usted como usuario (s) del sitio (referido como \"usted\", \"su\" o \"Usuario\" en lo sucesivo) y <a href=\"https:\/\/www.ybaohanon.com\/es\/\">https:\/\/ybaohanon.com\/<\/a> \u2014 propietario del sitio <a href=\"https:\/\/www.ybaohanon.com\/es\/\">https:\/\/ybaohanon.com\/<\/a> .<\/p>\n<p>\u00a0 1.1 Su uso de <a href=\"https:\/\/www.ybaohanon.com\/es\/\">https:\/\/ybaohanon.com\/<\/a> Servicios y productos (colectivamente los \"Servicios\" en adelante) est\u00e1n sujetos a los t\u00e9rminos y condiciones contenidos en este documento, as\u00ed como a la Pol\u00edtica de Privacidad y cualquier otra regla y pol\u00edtica de <a href=\"https:\/\/www.ybaohanon.com\/es\/\">https:\/\/ybaohanon.com\/<\/a> que puede ser publicado por<a href=\"https:\/\/www.ybaohanon.com\/es\/\">https:\/\/ybaohanon.com\/<\/a> de vez en cuando. Este documento y otras normas y pol\u00edticas de <a href=\"https:\/\/www.ybaohanon.com\/es\/\">https:\/\/ybaohanon.com\/<\/a> se denominan colectivamente a continuaci\u00f3n los \u201cT\u00e9rminos\u201d. Al acceder <a href=\"https:\/\/www.ybaohanon.com\/es\/\">https:\/\/ybaohanon.com\/<\/a> o utilizando los Servicios, usted acepta aceptar y estar obligado por los T\u00e9rminos. Por favor, no utilice los Servicios o <a href=\"https:\/\/www.ybaohanon.com\/es\/\">https:\/\/ybaohanon.com\/<\/a> si no acepta todos los T\u00e9rminos.<\/p>\n<p>\u00a0 1.2 Usted no puede utilizar los Servicios y no puede aceptar los T\u00e9rminos si (a) no es mayor de edad para formar un contrato vinculante con <a href=\"https:\/\/www.ybaohanon.com\/es\/\">https:\/\/ybaohanon.com\/<\/a> o (b) no est\u00e1 autorizado a recibir ning\u00fan Servicio bajo las leyes de la Rep\u00fablica Popular China u otros pa\u00edses \/ regiones, incluido el pa\u00eds \/ regi\u00f3n en el que reside o desde el que utiliza los Servicios.<\/p>\n<p>\u00a0 1.3 Usted reconoce y acepta que <a href=\"https:\/\/www.ybaohanon.com\/es\/\">https:\/\/ybaohanon.com\/<\/a> puede modificar los T\u00e9rminos en cualquier momento mediante la publicaci\u00f3n de los T\u00e9rminos modificados y restablecidos relevantes en <a href=\"https:\/\/www.ybaohanon.com\/es\/\">https:\/\/ybaohanon.com\/<\/a> Al continuar utilizando los Servicios o <a href=\"https:\/\/www.ybaohanon.com\/es\/\">https:\/\/ybaohanon.com\/<\/a> Usted acepta que los T\u00e9rminos modificados se aplicar\u00e1n a usted.<\/p>\n<p>2. Usuarios en general<\/p>\n<p>\u00a0 2.1 Como condici\u00f3n de su acceso y uso de <a href=\"https:\/\/www.ybaohanon.com\/es\/\">https:\/\/ybaohanon.com\/<\/a> o Servicios, usted acepta cumplir con todas las leyes y reglamentos aplicables al usar <a href=\"https:\/\/www.ybaohanon.com\/es\/\">https:\/\/ybaohanon.com\/<\/a> o Servicios.<\/p>\n<p>\u00a0 2.2 Debes leer <a href=\"https:\/\/www.ybaohanon.com\/es\/\">https:\/\/ybaohanon.com\/<\/a> Pol\u00edtica de Privacidad que regula la protecci\u00f3n y el uso de la informaci\u00f3n personal de los Usuarios en posesi\u00f3n de <a href=\"https:\/\/www.ybaohanon.com\/es\/\">https:\/\/ybaohanon.com\/<\/a> y nuestros afiliados. Usted acepta los t\u00e9rminos de la Pol\u00edtica de Privacidad y acepta el uso de la informaci\u00f3n personal sobre usted de acuerdo con la Pol\u00edtica de Privacidad.<\/p>\n<p>\u00a0 2.3 Usted acepta no emprender ninguna acci\u00f3n para socavar la integridad de los sistemas inform\u00e1ticos o redes de <a href=\"https:\/\/www.ybaohanon.com\/es\/\">https:\/\/ybaohanon.com\/<\/a> y\/o cualquier otro Usuario ni obtener acceso no autorizado a tales sistemas inform\u00e1ticos o redes.<\/p>\n<p>\u00a0 2.4 Usted acepta no aprovechar ninguna ventaja en el uso de la informaci\u00f3n enumerada en <a href=\"https:\/\/www.ybaohanon.com\/es\/\">https:\/\/ybaohanon.com\/<\/a> o recibido de cualquier representante de <a href=\"https:\/\/www.ybaohanon.com\/es\/\">https:\/\/ybaohanon.com\/<\/a> en las actividades que incluyen: establecer niveles de precios, o cotizaciones de productos y servicios que no se compran de <a href=\"https:\/\/www.ybaohanon.com\/es\/\">https:\/\/ybaohanon.com\/<\/a> la preparaci\u00f3n de contenidos del sitio, la escritura de contratos o acuerdos que no <a href=\"https:\/\/www.ybaohanon.com\/es\/\">https:\/\/ybaohanon.com\/<\/a> La participaci\u00f3n.<\/p>\n<p>3. Productos y precios<\/p>\n<p>\u00a0 3.1 Dado que estamos desarrollando y actualizando continuamente nuestros productos y servicios, cualquier especificaci\u00f3n t\u00e9cnica, no t\u00e9cnica, incluyendo pero no limitado a p\u00e1ginas de contenido, tablas de informes, figuras, im\u00e1genes, v\u00eddeos o audios de cualquiera de los productos de <a href=\"https:\/\/www.ybaohanon.com\/es\/\">https:\/\/ybaohanon.com\/<\/a> pueden ser alterados o completamente cambiados en formatos y contenidos sin previa notificaci\u00f3n en l\u00ednea o fuera de l\u00ednea.<\/p>\n<p>\u00a0 3.2 Precios enumerados en <a href=\"https:\/\/www.ybaohanon.com\/es\/\">https:\/\/ybaohanon.com\/<\/a> o proporcionado por cualquier representante de <a href=\"https:\/\/www.ybaohanon.com\/es\/\">https:\/\/ybaohanon.com\/<\/a> est\u00e1n sujetos a cambios sin previo aviso.<\/p>\n<p>4. Limitaci\u00f3n de responsabilidad<\/p>\n<p>\u00a0 4.1 Cualquier material descargado o obtenido a trav\u00e9s de <a href=\"https:\/\/www.ybaohanon.com\/es\/\">https:\/\/ybaohanon.com\/<\/a> se realiza a la sola discreci\u00f3n y riesgo de cada Usuario y cada Usuario es el \u00fanico responsable de cualquier da\u00f1o a <a href=\"https:\/\/www.ybaohanon.com\/es\/\">https:\/\/ybaohanon.com\/<\/a> sistema inform\u00e1tico o p\u00e9rdida de datos que pueda resultar de la descarga de cualquier material de este tipo.<\/p>\n<p>&nbsp;<\/p>\n<p>&nbsp;<\/p>","protected":false},"excerpt":{"rendered":"<p>\u00a0 Pol\u00edtica de privacidad En https:\/\/ybaohanon.com\/  (a partir de ahora, se denominar\u00e1 https:\/\/ybaohanon.com\/ ), ya que la privacidad del visitante es de nuestra seria preocupaci\u00f3n. Esta p\u00e1gina de pol\u00edtica de privacidad describe qu\u00e9 tipo de informaci\u00f3n personal puede ser recibida y recogida por https:\/\/ybaohanon.com\/ y c\u00f3mo se utilizar\u00e1 la informaci\u00f3n. Anuncios sociales y de motores de b\u00fasqueda Como muchos otros [&hellip;]<\/p>","protected":false},"author":1,"featured_media":0,"parent":0,"menu_order":16,"comment_status":"closed","ping_status":"closed","template":"","meta":{"footnotes":""},"class_list":["post-24","page","type-page","status-publish","hentry"],"_links":{"self":[{"href":"https:\/\/www.ybaohanon.com\/es\/wp-json\/wp\/v2\/pages\/24"}],"collection":[{"href":"https:\/\/www.ybaohanon.com\/es\/wp-json\/wp\/v2\/pages"}],"about":[{"href":"https:\/\/www.ybaohanon.com\/es\/wp-json\/wp\/v2\/types\/page"}],"author":[{"embeddable":true,"href":"https:\/\/www.ybaohanon.com\/es\/wp-json\/wp\/v2\/users\/1"}],"replies":[{"embeddable":true,"href":"https:\/\/www.ybaohanon.com\/es\/wp-json\/wp\/v2\/comments?post=24"}],"version-history":[{"count":0,"href":"https:\/\/www.ybaohanon.com\/es\/wp-json\/wp\/v2\/pages\/24\/revisions"}],"wp:attachment":[{"href":"https:\/\/www.ybaohanon.com\/es\/wp-json\/wp\/v2\/media?parent=24"}],"curies":[{"name":"wp","href":"https:\/\/api.w.org\/{rel}","templated":true}]}}