{"id":2,"date":"2020-03-04T11:39:21","date_gmt":"2020-03-04T03:39:21","guid":{"rendered":"http:\/\/www.ybaohanon.com\/?page_id=2"},"modified":"2026-04-08T11:49:58","modified_gmt":"2026-04-08T03:49:58","slug":"home","status":"publish","type":"page","link":"https:\/\/www.ybaohanon.com\/es\/","title":{"rendered":"Inicio"},"content":{"rendered":"<p>Esta es la p\u00e1gina de demostraci\u00f3n. La p\u00e1gina es diferente de los art\u00edculos del blog, su ubicaci\u00f3n es fija y generalmente se muestra en la barra de navegaci\u00f3n del sitio. Muchos usuarios crean una p\u00e1gina \"sobre\" para presentarse a los visitantes. Por ejemplo:<\/p>\n<blockquote>\n<p>\u00a1Bienvenidos! Soy cartero durante el d\u00eda y actor aspirante por la noche. Este es mi blog. Vivo en la capital Imperial de la dinast\u00eda celestial y tengo un perro llamado jack.<\/p>\n<\/blockquote>\n<p>...... O esto:<\/p>\n<blockquote>\n<p>Fundada en 1971, la empresa XYZ doohickey ha contribuido con excelentes doohickies a la sociedad desde su creaci\u00f3n. Nuestra empresa tiene su sede en modu, en la dinast\u00eda celestial, con m\u00e1s de dos mil empleados, lo que contribuye enormemente a los impuestos del Gobierno de modu.<\/p>\n<\/blockquote>\n<p>Y usted, como usuario de wordpress, le recomendamos que visite<a href=\"http:\/\/www.ybaohanon.com\/wp-admin\/\">Tablero de control<\/a>, elimine esta p\u00e1gina y luego agregue su propia p\u00e1gina. \u00a1\u00a1 le deseo un buen uso!<\/p>\n<div id=\"ag-popper-container-1757679769580\" class=\"ag-translate-popper-host\">\u00a0<\/div>","protected":false},"excerpt":{"rendered":"<p>Esta es la p\u00e1gina de demostraci\u00f3n. La p\u00e1gina es diferente de los art\u00edculos del blog, su ubicaci\u00f3n es fija y generalmente se muestra en la barra de navegaci\u00f3n del sitio. Muchos usuarios crean una p\u00e1gina \"sobre\" para presentarse a los visitantes. \u00a1Por ejemplo: \u00a1 bienvenidos! Soy cartero durante el d\u00eda y actor aspirante por la noche. Este es mi blog. Vivo en la capital Imperial de la dinast\u00eda celestial y tengo un perro llamado jack. ...... O esto: la empresa XYZ doohickey fue fundada en 1971 y desde su creaci\u00f3n hemos contribuido a la sociedad con excelentes doohickies. Nuestra empresa tiene su sede en modu, en la dinast\u00eda celestial, con m\u00e1s de dos mil empleados, lo que contribuye enormemente a los impuestos del Gobierno de modu. Y usted, como usuario de wordpress, le recomendamos que acceda al tablero de control, elimine esta p\u00e1gina y luego agregue su propia p\u00e1gina. \u00a1\u00a1 le deseo un buen uso! \u00a0<\/p>","protected":false},"author":1,"featured_media":0,"parent":0,"menu_order":3,"comment_status":"closed","ping_status":"closed","template":"index.php","meta":{"footnotes":""},"class_list":["post-2","page","type-page","status-publish","hentry"],"_links":{"self":[{"href":"https:\/\/www.ybaohanon.com\/es\/wp-json\/wp\/v2\/pages\/2"}],"collection":[{"href":"https:\/\/www.ybaohanon.com\/es\/wp-json\/wp\/v2\/pages"}],"about":[{"href":"https:\/\/www.ybaohanon.com\/es\/wp-json\/wp\/v2\/types\/page"}],"author":[{"embeddable":true,"href":"https:\/\/www.ybaohanon.com\/es\/wp-json\/wp\/v2\/users\/1"}],"replies":[{"embeddable":true,"href":"https:\/\/www.ybaohanon.com\/es\/wp-json\/wp\/v2\/comments?post=2"}],"version-history":[{"count":12,"href":"https:\/\/www.ybaohanon.com\/es\/wp-json\/wp\/v2\/pages\/2\/revisions"}],"predecessor-version":[{"id":7391,"href":"https:\/\/www.ybaohanon.com\/es\/wp-json\/wp\/v2\/pages\/2\/revisions\/7391"}],"wp:attachment":[{"href":"https:\/\/www.ybaohanon.com\/es\/wp-json\/wp\/v2\/media?parent=2"}],"curies":[{"name":"wp","href":"https:\/\/api.w.org\/{rel}","templated":true}]}}